{"id":8954,"date":"2021-11-29T08:50:01","date_gmt":"2021-11-29T13:50:01","guid":{"rendered":"https:\/\/cirujano.agenciapdt.com\/?post_type=product&#038;p=8954"},"modified":"2021-11-29T10:30:09","modified_gmt":"2021-11-29T15:30:09","slug":"ortesis-de-ombligo","status":"publish","type":"product","link":"https:\/\/novabellas.com\/index.php\/producto\/ortesis-de-ombligo\/","title":{"rendered":"Ortesis de ombligo"},"content":{"rendered":"<p>Este producto es especialmente desarrollado para moldear el ombligo reci\u00e9n operado, evita la retracci\u00f3n de la cicatriz apoy\u00e1ndose en su forma anat\u00f3mica c\u00f3nica de alta durabilidad. Es indicado para usar luego de realizarse un procedimiento quir\u00fargico, tales c\u00f3mo: Abdominoplastia o Lipectomia, Cirug\u00eda Postbari\u00e1trica.<\/p>\n","protected":false},"excerpt":{"rendered":"<p>Este producto es especialmente desarrollado para moldear el ombligo reci\u00e9n operado, evita la retracci\u00f3n de la cicatriz apoy\u00e1ndose en su forma anat\u00f3mica c\u00f3nica de alta durabilidad. Es indicado para usar luego de realizarse un procedimiento quir\u00fargico, tales c\u00f3mo: Abdominoplastia o Lipectomia, Cirug\u00eda Postbari\u00e1trica.<\/p>\n","protected":false},"featured_media":8971,"comment_status":"open","ping_status":"closed","template":"","meta":{"spay_email":""},"product_cat":[85],"product_tag":[87],"class_list":["post-8954","product","type-product","status-publish","has-post-thumbnail","hentry","product_cat-cuidado-corporal","product_tag-cuidado-corporal"],"_links":{"self":[{"href":"https:\/\/novabellas.com\/index.php\/wp-json\/wp\/v2\/product\/8954"}],"collection":[{"href":"https:\/\/novabellas.com\/index.php\/wp-json\/wp\/v2\/product"}],"about":[{"href":"https:\/\/novabellas.com\/index.php\/wp-json\/wp\/v2\/types\/product"}],"replies":[{"embeddable":true,"href":"https:\/\/novabellas.com\/index.php\/wp-json\/wp\/v2\/comments?post=8954"}],"wp:featuredmedia":[{"embeddable":true,"href":"https:\/\/novabellas.com\/index.php\/wp-json\/wp\/v2\/media\/8971"}],"wp:attachment":[{"href":"https:\/\/novabellas.com\/index.php\/wp-json\/wp\/v2\/media?parent=8954"}],"wp:term":[{"taxonomy":"product_cat","embeddable":true,"href":"https:\/\/novabellas.com\/index.php\/wp-json\/wp\/v2\/product_cat?post=8954"},{"taxonomy":"product_tag","embeddable":true,"href":"https:\/\/novabellas.com\/index.php\/wp-json\/wp\/v2\/product_tag?post=8954"}],"curies":[{"name":"wp","href":"https:\/\/api.w.org\/{rel}","templated":true}]}}