{"id":8956,"date":"2021-11-29T08:51:41","date_gmt":"2021-11-29T13:51:41","guid":{"rendered":"https:\/\/cirujano.agenciapdt.com\/?post_type=product&#038;p=8956"},"modified":"2021-11-29T09:40:39","modified_gmt":"2021-11-29T14:40:39","slug":"protector-solar","status":"publish","type":"product","link":"https:\/\/novabellas.com\/index.php\/producto\/protector-solar\/","title":{"rendered":"Protector Solar"},"content":{"rendered":"<p>Gracias a sus ingredientes naturales, ayuda a tratar las pieles maltratadas, brindando protecci\u00f3n y previniendo futuros da\u00f1os.<\/p>\n<p>&nbsp;<\/p>\n<p>Contiene Vitamina K3, Troxerutina y extractos naturales como la Manzanilla, Cal\u00e9ndula, Hamamelis y \u00c1rnica que act\u00faan sin\u00e9rgicamente, aportando a la piel protecci\u00f3n natural y actividad antioxidante que es tan importante en los procesos celulares.<\/p>\n","protected":false},"excerpt":{"rendered":"<p>Gracias a sus ingredientes naturales, ayuda a tratar las pieles maltratadas, brindando protecci\u00f3n y previniendo futuros da\u00f1os.<\/p>\n<p>&nbsp;<\/p>\n<p>Contiene Vitamina K3, Troxerutina y extractos naturales como la Manzanilla, Cal\u00e9ndula, Hamamelis y \u00c1rnica que act\u00faan sin\u00e9rgicamente, aportando a la piel protecci\u00f3n natural y actividad antioxidante que es tan importante en los procesos celulares.<\/p>\n","protected":false},"featured_media":8960,"comment_status":"open","ping_status":"closed","template":"","meta":{"spay_email":""},"product_cat":[93,86],"product_tag":[94,88],"class_list":["post-8956","product","type-product","status-publish","has-post-thumbnail","hentry","product_cat-cuidado-facial","product_cat-productos-dermocosmeticos","product_tag-cuidado-facial","product_tag-productos-dermocosmeticos"],"_links":{"self":[{"href":"https:\/\/novabellas.com\/index.php\/wp-json\/wp\/v2\/product\/8956"}],"collection":[{"href":"https:\/\/novabellas.com\/index.php\/wp-json\/wp\/v2\/product"}],"about":[{"href":"https:\/\/novabellas.com\/index.php\/wp-json\/wp\/v2\/types\/product"}],"replies":[{"embeddable":true,"href":"https:\/\/novabellas.com\/index.php\/wp-json\/wp\/v2\/comments?post=8956"}],"wp:featuredmedia":[{"embeddable":true,"href":"https:\/\/novabellas.com\/index.php\/wp-json\/wp\/v2\/media\/8960"}],"wp:attachment":[{"href":"https:\/\/novabellas.com\/index.php\/wp-json\/wp\/v2\/media?parent=8956"}],"wp:term":[{"taxonomy":"product_cat","embeddable":true,"href":"https:\/\/novabellas.com\/index.php\/wp-json\/wp\/v2\/product_cat?post=8956"},{"taxonomy":"product_tag","embeddable":true,"href":"https:\/\/novabellas.com\/index.php\/wp-json\/wp\/v2\/product_tag?post=8956"}],"curies":[{"name":"wp","href":"https:\/\/api.w.org\/{rel}","templated":true}]}}